{"id":19704,"date":"2024-09-05T11:13:06","date_gmt":"2024-09-05T11:13:06","guid":{"rendered":"https:\/\/refurbishedprinter.nl\/?post_type=product&#038;p=19704"},"modified":"2025-06-27T08:50:03","modified_gmt":"2025-06-27T08:50:03","slug":"hp-laserjet-enterprise-mfp-m430f-laser-a4","status":"publish","type":"product","link":"https:\/\/refurbishedprinter.nl\/be\/product\/hp-laserjet-enterprise-mfp-m430f-laser-a4\/","title":{"rendered":"HP LaserJet Enterprise MFP M430f Laser A4"},"content":{"rendered":"<p><strong>HP LaserJet Enterprise MFP M430f &#8211; All-in-One Zwart-wit Laserprinter voor Kantoren<\/strong><\/p>\n<p>De <strong>HP LaserJet Enterprise MFP M430f<\/strong> is d\u00e9 ideale oplossing voor elk (thuis)kantoor dat behoefte heeft aan een betrouwbare en effici\u00ebnte all-in-one zwart-wit <strong>laserprinter<\/strong>. Dit veelzijdige apparaat kan moeiteloos <strong>printen<\/strong>, <strong>kopi\u00ebren<\/strong>, <strong>scannen.<\/strong>\u00a0Met een indrukwekkende <strong>afdruksnelheid van 31 pagina\u2019s per minuut<\/strong> heeft u uw documenten razendsnel in handen.<\/p>\n<p>Bespaar tijd en kosten dankzij functies als <strong>dubbelzijdig printen<\/strong> (duplex) en een handige <strong>automatische documentinvoer<\/strong> (ADF). Met de ruime <strong>papierlade<\/strong> die tot 350 vellen kan bevatten, hoeft u minder vaak papier bij te vullen.<\/p>","protected":false},"excerpt":{"rendered":"<p>HP LaserJet Enterprise MFP M430f &#8211; All-in-One Zwart-wit Laserprinter voor Kantoren De HP LaserJet Enterprise MFP M430f is d\u00e9 ideale oplossing voor elk (thuis)kantoor dat behoefte heeft aan een betrouwbare en effici\u00ebnte all-in-one zwart-wit laserprinter. Dit veelzijdige apparaat kan moeiteloos printen, kopi\u00ebren, scannen.\u00a0Met een indrukwekkende afdruksnelheid van 31 pagina\u2019s per minuut heeft u uw documenten [&hellip;]<\/p>\n","protected":false},"featured_media":19707,"template":"","meta":{"_acf_changed":false,"_joinchat":[]},"product_brand":[84],"product_cat":[38],"product_tag":[],"class_list":{"0":"post-19704","1":"product","2":"type-product","3":"status-publish","4":"has-post-thumbnail","6":"product_brand-hp","7":"product_cat-a4-all-in-one","8":"pa_automatisch-dubbelzijdig-ja","9":"pa_nummer-3pz55a1","10":"pa_nummer-3pz55a2","11":"pa_papierformaat-a4","12":"pa_printerfuncties-kopieren-scannen","13":"pa_printerfuncties-printen","14":"pa_printerkleur-zwart","15":"pa_verbinding-ethernet","16":"pa_verbinding-usb","18":"first","19":"instock","20":"sale","21":"sold-individually","22":"taxable","23":"shipping-taxable","24":"purchasable","25":"product-type-variable"},"acf":[],"_links":{"self":[{"href":"https:\/\/refurbishedprinter.nl\/be\/wp-json\/wp\/v2\/product\/19704","targetHints":{"allow":["GET"]}}],"collection":[{"href":"https:\/\/refurbishedprinter.nl\/be\/wp-json\/wp\/v2\/product"}],"about":[{"href":"https:\/\/refurbishedprinter.nl\/be\/wp-json\/wp\/v2\/types\/product"}],"wp:featuredmedia":[{"embeddable":true,"href":"https:\/\/refurbishedprinter.nl\/be\/wp-json\/wp\/v2\/media\/19707"}],"wp:attachment":[{"href":"https:\/\/refurbishedprinter.nl\/be\/wp-json\/wp\/v2\/media?parent=19704"}],"wp:term":[{"taxonomy":"product_brand","embeddable":true,"href":"https:\/\/refurbishedprinter.nl\/be\/wp-json\/wp\/v2\/product_brand?post=19704"},{"taxonomy":"product_cat","embeddable":true,"href":"https:\/\/refurbishedprinter.nl\/be\/wp-json\/wp\/v2\/product_cat?post=19704"},{"taxonomy":"product_tag","embeddable":true,"href":"https:\/\/refurbishedprinter.nl\/be\/wp-json\/wp\/v2\/product_tag?post=19704"}],"curies":[{"name":"wp","href":"https:\/\/api.w.org\/{rel}","templated":true}]}}